{"id":6,"date":"2015-05-27T14:42:49","date_gmt":"2015-05-27T12:42:49","guid":{"rendered":"http:\/\/allmogebygg.se\/?page_id=5"},"modified":"2015-05-27T14:42:49","modified_gmt":"2015-05-27T12:42:49","slug":"start","status":"publish","type":"page","link":"https:\/\/allmogebygg.se\/","title":{"rendered":"Start"},"content":{"rendered":"<h1>V\u00e4lkommen<\/h1>\n<p>V\u00e4lkommen till Allmoge Bygg &amp; Inredning AB, vi g\u00f6r allt inom bygg. V\u00e5ra snickare har l\u00e5ng och bred erfarenhet av byggbranschen och vi kan \u00e4ven anlitas f\u00f6r finsnickeri, inredningssnickeri, allmoge, timring och knuttimring. Vi utf\u00f6r tidsenlig renovering i gammal stil. Kontakta oss n\u00e4r ni ska bygga om, ut eller till s\u00e5 hj\u00e4lper vi er med allt fr\u00e5n r\u00e5dgivning till byggnationen. Vi v\u00e4nder oss till privatpersoner och f\u00f6retag i Mora med omnejd. T\u00e4nk p\u00e5 att n\u00e4r ni anlitar oss kan ni utnyttja ROT-avdraget.<\/p>\n<p>&nbsp;<\/p>\n","protected":false},"excerpt":{"rendered":"<p>V\u00e4lkommen V\u00e4lkommen till Allmoge Bygg &amp; Inredning AB, vi g\u00f6r allt inom bygg. V\u00e5ra snickare har l\u00e5ng och bred erfarenhet av byggbranschen och vi kan \u00e4ven anlitas f\u00f6r finsnickeri, inredningssnickeri, allmoge, timring och knuttimring. Vi utf\u00f6r tidsenlig renovering i gammal stil. Kontakta oss n\u00e4r ni ska bygga om, ut eller till s\u00e5 hj\u00e4lper vi er [&hellip;]<\/p>\n","protected":false},"author":1,"featured_media":0,"parent":0,"menu_order":0,"comment_status":"open","ping_status":"open","template":"Standard.php","meta":{"footnotes":""},"class_list":["post-6","page","type-page","status-publish","hentry"],"_links":{"self":[{"href":"https:\/\/allmogebygg.se\/index.php?rest_route=\/wp\/v2\/pages\/6","targetHints":{"allow":["GET"]}}],"collection":[{"href":"https:\/\/allmogebygg.se\/index.php?rest_route=\/wp\/v2\/pages"}],"about":[{"href":"https:\/\/allmogebygg.se\/index.php?rest_route=\/wp\/v2\/types\/page"}],"author":[{"embeddable":true,"href":"https:\/\/allmogebygg.se\/index.php?rest_route=\/wp\/v2\/users\/1"}],"replies":[{"embeddable":true,"href":"https:\/\/allmogebygg.se\/index.php?rest_route=%2Fwp%2Fv2%2Fcomments&post=6"}],"version-history":[{"count":0,"href":"https:\/\/allmogebygg.se\/index.php?rest_route=\/wp\/v2\/pages\/6\/revisions"}],"wp:attachment":[{"href":"https:\/\/allmogebygg.se\/index.php?rest_route=%2Fwp%2Fv2%2Fmedia&parent=6"}],"curies":[{"name":"wp","href":"https:\/\/api.w.org\/{rel}","templated":true}]}}